{"id":30,"date":"2023-12-05T22:22:09","date_gmt":"2023-12-05T21:22:09","guid":{"rendered":"https:\/\/dbl-berlin.de\/?page_id=30"},"modified":"2023-12-19T18:36:30","modified_gmt":"2023-12-19T17:36:30","slug":"startseite","status":"publish","type":"page","link":"https:\/\/dbl-berlin.de\/","title":{"rendered":"DAVID BERRY \nLANGUAGES"},"content":{"rendered":"\n<div class=\"wp-block-group alignfull has-global-padding is-layout-constrained wp-container-core-group-is-layout-f611be13 wp-block-group-is-layout-constrained\" style=\"padding-top:var(--wp--preset--spacing--50);padding-right:var(--wp--preset--spacing--50);padding-bottom:var(--wp--preset--spacing--50);padding-left:var(--wp--preset--spacing--50)\">\n<figure class=\"wp-block-image aligncenter size-full is-resized\"><img loading=\"lazy\" decoding=\"async\" width=\"823\" height=\"300\" src=\"https:\/\/dbl-berlin.de\/wp-content\/uploads\/2023\/12\/dbl_Logo_2023.png\" alt=\"\" class=\"wp-image-125\" style=\"width:304px;height:auto\" srcset=\"https:\/\/dbl-berlin.de\/wp-content\/uploads\/2023\/12\/dbl_Logo_2023.png 823w, https:\/\/dbl-berlin.de\/wp-content\/uploads\/2023\/12\/dbl_Logo_2023-300x109.png 300w, https:\/\/dbl-berlin.de\/wp-content\/uploads\/2023\/12\/dbl_Logo_2023-768x280.png 768w\" sizes=\"auto, (max-width: 823px) 100vw, 823px\" \/><\/figure>\n\n\n\n<div class=\"wp-block-group has-global-padding is-layout-constrained wp-container-core-group-is-layout-edac2571 wp-block-group-is-layout-constrained\">\n<div class=\"wp-block-columns is-layout-flex wp-container-core-columns-is-layout-28f84493 wp-block-columns-is-layout-flex\">\n<div class=\"wp-block-column is-layout-flow wp-block-column-is-layout-flow\">\n<div style=\"height:14px\" aria-hidden=\"true\" class=\"wp-block-spacer\"><\/div>\n<\/div>\n<\/div>\n\n\n\n<div style=\"height:1.25rem\" aria-hidden=\"true\" class=\"wp-block-spacer\"><\/div>\n\n\n\n<p class=\"has-text-align-center\">seit 1996 bieten wir erfolgreich Sprachtraining und Coachings f\u00fcr Unternehmen, Verb\u00e4nde und andere Institutionen in Berlin und Umgebung an. \u00dcbersetzungs- und Dolmetschungsdienste komplettieren das Angebot. <\/p>\n\n\n\n<div style=\"height:20px\" aria-hidden=\"true\" class=\"wp-block-spacer\"><\/div>\n\n\n\n<p class=\"has-text-align-center\">Profitieren auch Sie von \u00fcber 25 Jahren Erfahrung!<\/p>\n\n\n\n<div style=\"height:20px\" aria-hidden=\"true\" class=\"wp-block-spacer\"><\/div>\n\n\n\n<div class=\"wp-block-columns is-layout-flex wp-container-core-columns-is-layout-28f84493 wp-block-columns-is-layout-flex\">\n<div class=\"wp-block-column is-layout-flow wp-block-column-is-layout-flow\">\n<div class=\"wp-block-columns is-layout-flex wp-container-core-columns-is-layout-28f84493 wp-block-columns-is-layout-flex\">\n<div class=\"wp-block-column is-layout-flow wp-block-column-is-layout-flow\">\n<div class=\"wp-block-buttons is-content-justification-center is-layout-flex wp-container-core-buttons-is-layout-a89b3969 wp-block-buttons-is-layout-flex\">\n<div class=\"wp-block-button\"><a class=\"wp-block-button__link has-text-align-center wp-element-button\" href=\"#Privatkunden\">Leistungen<\/a><\/div>\n<\/div>\n<\/div>\n\n\n\n<div class=\"wp-block-column is-layout-flow wp-block-column-is-layout-flow\">\n<div class=\"wp-block-buttons is-content-justification-center is-layout-flex wp-container-core-buttons-is-layout-a89b3969 wp-block-buttons-is-layout-flex\">\n<div class=\"wp-block-button\"><a class=\"wp-block-button__link has-text-align-center wp-element-button\" href=\"#Firmenkunden\">Unternehmen<\/a><\/div>\n<\/div>\n<\/div>\n<\/div>\n<\/div>\n\n\n\n<div class=\"wp-block-column is-layout-flow wp-block-column-is-layout-flow\">\n<div class=\"wp-block-columns is-layout-flex wp-container-core-columns-is-layout-28f84493 wp-block-columns-is-layout-flex\">\n<div class=\"wp-block-column is-layout-flow wp-block-column-is-layout-flow\">\n<div class=\"wp-block-buttons is-content-justification-center is-layout-flex wp-container-core-buttons-is-layout-a89b3969 wp-block-buttons-is-layout-flex\">\n<div class=\"wp-block-button\"><a class=\"wp-block-button__link has-text-align-center wp-element-button\" href=\"#\u00dcbersetzungen\">\u00dcbersetzung<\/a><\/div>\n<\/div>\n<\/div>\n\n\n\n<div class=\"wp-block-column is-layout-flow wp-block-column-is-layout-flow\">\n<div class=\"wp-block-buttons is-content-justification-center is-layout-flex wp-container-core-buttons-is-layout-a89b3969 wp-block-buttons-is-layout-flex\">\n<div class=\"wp-block-button\"><a class=\"wp-block-button__link has-text-align-center wp-element-button\" href=\"#Jobs\">Fachkr\u00e4fte<\/a><\/div>\n<\/div>\n<\/div>\n<\/div>\n<\/div>\n<\/div>\n\n\n\n<div style=\"height:20px\" aria-hidden=\"true\" class=\"wp-block-spacer\"><\/div>\n<\/div>\n\n\n\n<div style=\"height:25px\" aria-hidden=\"true\" class=\"wp-block-spacer\"><\/div>\n\n\n\n<figure class=\"wp-block-image alignwide size-full is-style-rounded is-style-rounded--1\"><img loading=\"lazy\" decoding=\"async\" width=\"1920\" height=\"897\" src=\"https:\/\/dbl-berlin.de\/wp-content\/uploads\/2023\/12\/Gruppenunterricht.jpg\" alt=\"\" class=\"wp-image-20\" srcset=\"https:\/\/dbl-berlin.de\/wp-content\/uploads\/2023\/12\/Gruppenunterricht.jpg 1920w, https:\/\/dbl-berlin.de\/wp-content\/uploads\/2023\/12\/Gruppenunterricht-300x140.jpg 300w, https:\/\/dbl-berlin.de\/wp-content\/uploads\/2023\/12\/Gruppenunterricht-1024x478.jpg 1024w, https:\/\/dbl-berlin.de\/wp-content\/uploads\/2023\/12\/Gruppenunterricht-768x359.jpg 768w, https:\/\/dbl-berlin.de\/wp-content\/uploads\/2023\/12\/Gruppenunterricht-1536x718.jpg 1536w\" sizes=\"auto, (max-width: 1920px) 100vw, 1920px\" \/><\/figure>\n<\/div>\n\n\n\n<div class=\"wp-block-group alignfull has-global-padding is-layout-constrained wp-container-core-group-is-layout-d89aad35 wp-block-group-is-layout-constrained\" style=\"margin-top:0;margin-bottom:0;padding-top:var(--wp--preset--spacing--50);padding-right:var(--wp--preset--spacing--50);padding-bottom:var(--wp--preset--spacing--50);padding-left:var(--wp--preset--spacing--50)\">\n<div class=\"wp-block-group alignwide has-global-padding is-layout-constrained wp-container-core-group-is-layout-19e250f3 wp-block-group-is-layout-constrained\">\n<div class=\"wp-block-group is-vertical is-content-justification-center is-layout-flex wp-container-core-group-is-layout-6329a8f3 wp-block-group-is-layout-flex\">\n<h2 class=\"wp-block-heading has-text-align-center is-style-default\">Unser Leistungsspektrum<br>&#8211; alles, wenn es um Sprachen geht &#8211;<\/h2>\n\n\n\n<p class=\"has-text-align-center\">Unser umfassendes Angebot an professionellen Dienstleistungen richtet sich an kleine und mittlere Unternehmen, Selbstst\u00e4ndige und Vereine bis hin zu gro\u00dfen Konzernen.<\/p>\n<\/div>\n\n\n\n<div style=\"height:35px\" aria-hidden=\"true\" class=\"wp-block-spacer\"><\/div>\n\n\n\n<div class=\"wp-block-columns alignwide is-layout-flex wp-container-core-columns-is-layout-d1c656ed wp-block-columns-is-layout-flex\">\n<div class=\"wp-block-column is-vertically-aligned-center is-layout-flow wp-block-column-is-layout-flow\" style=\"flex-basis:40%\">\n<h3 class=\"wp-block-heading is-style-default\" id=\"Privatkunden\">Sprachen und Angebote<\/h3>\n\n\n\n<div style=\"height:20px\" aria-hidden=\"true\" class=\"wp-block-spacer\"><\/div>\n\n\n\n<ul style=\"line-height:1.75\" class=\"is-style-checkmark-list wp-block-list\">\n<li>Sprachtraining in: <br>Englisch | Spanisch | Italienisch | Franz\u00f6sisch | Deutsch | Russisch | Arabisch | Chinesisch | Japanisch<\/li>\n\n\n\n<li>TOEIC und TOEFL Vorbereitungskurse<\/li>\n\n\n\n<li>TOEIC Pr\u00fcfung<\/li>\n\n\n\n<li>Trainingsma\u00dfnahmen bei KooperationspartnerInnen weltweit<\/li>\n\n\n\n<li>Anfragen bitte an: info[at]dbl-berlin.de<\/li>\n<\/ul>\n<\/div>\n\n\n\n<div class=\"wp-block-column is-layout-flow wp-block-column-is-layout-flow\" style=\"flex-basis:50%\">\n<figure class=\"wp-block-image size-large is-style-rounded is-style-rounded--2\"><img loading=\"lazy\" decoding=\"async\" width=\"1024\" height=\"683\" src=\"https:\/\/dbl-berlin.de\/wp-content\/uploads\/2023\/12\/pexels-the-coach-space-2977547-1024x683.jpg\" alt=\"\" class=\"wp-image-14\" srcset=\"https:\/\/dbl-berlin.de\/wp-content\/uploads\/2023\/12\/pexels-the-coach-space-2977547-1024x683.jpg 1024w, https:\/\/dbl-berlin.de\/wp-content\/uploads\/2023\/12\/pexels-the-coach-space-2977547-300x200.jpg 300w, https:\/\/dbl-berlin.de\/wp-content\/uploads\/2023\/12\/pexels-the-coach-space-2977547-768x512.jpg 768w, https:\/\/dbl-berlin.de\/wp-content\/uploads\/2023\/12\/pexels-the-coach-space-2977547-1536x1024.jpg 1536w, https:\/\/dbl-berlin.de\/wp-content\/uploads\/2023\/12\/pexels-the-coach-space-2977547-2048x1365.jpg 2048w\" sizes=\"auto, (max-width: 1024px) 100vw, 1024px\" \/><\/figure>\n<\/div>\n<\/div>\n\n\n\n<div style=\"height:35px\" aria-hidden=\"true\" class=\"wp-block-spacer\"><\/div>\n\n\n\n<div class=\"wp-block-columns alignwide is-layout-flex wp-container-core-columns-is-layout-d1c656ed wp-block-columns-is-layout-flex\">\n<div class=\"wp-block-column is-layout-flow wp-block-column-is-layout-flow\" style=\"flex-basis:50%\">\n<figure class=\"wp-block-image size-large is-style-rounded is-style-rounded--3\"><img loading=\"lazy\" decoding=\"async\" width=\"1024\" height=\"683\" src=\"https:\/\/dbl-berlin.de\/wp-content\/uploads\/2023\/12\/pexels-fauxels-3183197-1024x683.jpg\" alt=\"\" class=\"wp-image-13\" srcset=\"https:\/\/dbl-berlin.de\/wp-content\/uploads\/2023\/12\/pexels-fauxels-3183197-1024x683.jpg 1024w, https:\/\/dbl-berlin.de\/wp-content\/uploads\/2023\/12\/pexels-fauxels-3183197-300x200.jpg 300w, https:\/\/dbl-berlin.de\/wp-content\/uploads\/2023\/12\/pexels-fauxels-3183197-768x513.jpg 768w, https:\/\/dbl-berlin.de\/wp-content\/uploads\/2023\/12\/pexels-fauxels-3183197-1536x1025.jpg 1536w, https:\/\/dbl-berlin.de\/wp-content\/uploads\/2023\/12\/pexels-fauxels-3183197-2048x1367.jpg 2048w\" sizes=\"auto, (max-width: 1024px) 100vw, 1024px\" \/><\/figure>\n<\/div>\n\n\n\n<div class=\"wp-block-column is-vertically-aligned-center is-layout-flow wp-block-column-is-layout-flow\" style=\"flex-basis:50%\">\n<h3 class=\"wp-block-heading is-style-default\" id=\"Firmenkunden\">Firmenservice<\/h3>\n\n\n\n<div style=\"height:20px\" aria-hidden=\"true\" class=\"wp-block-spacer\"><\/div>\n\n\n\n<ul style=\"line-height:1.75\" class=\"is-style-checkmark-list wp-block-list\">\n<li>Der Zeit- und Kosteneinsatz f\u00fcr Weiterbildungsma\u00dfnahmen sollte m\u00f6glichst gering sein, der Nutzen hoch. Deshalb ist ein reibungsloser Trainingsablauf und h\u00f6chste Effektivit\u00e4t unerl\u00e4sslich. Im Fokus des Trainings steht eine praxisnahe und f\u00fcr die TeilnehmerInnen relevante Kommunikation, die direkt ihre Anwendung im beruflichen Alltag findet.<\/li>\n\n\n\n<li>Anfragen bitte an: firmenservice[at]dbl-berlin.de<\/li>\n<\/ul>\n<\/div>\n<\/div>\n<\/div>\n\n\n\n<div class=\"wp-block-group alignwide has-global-padding is-layout-constrained wp-container-core-group-is-layout-19e250f3 wp-block-group-is-layout-constrained\">\n<div class=\"wp-block-group is-vertical is-content-justification-center is-layout-flex wp-container-core-group-is-layout-6329a8f3 wp-block-group-is-layout-flex\">\n<p class=\"has-text-align-center\"><\/p>\n<\/div>\n\n\n\n<div style=\"height:35px\" aria-hidden=\"true\" class=\"wp-block-spacer\"><\/div>\n\n\n\n<div class=\"wp-block-columns alignwide is-layout-flex wp-container-core-columns-is-layout-d1c656ed wp-block-columns-is-layout-flex\">\n<div class=\"wp-block-column is-vertically-aligned-center is-layout-flow wp-block-column-is-layout-flow\" style=\"flex-basis:40%\">\n<h3 class=\"wp-block-heading is-style-default\" id=\"\u00dcbersetzungen\">\u00dcbersetzungen &amp; Dolmetschen<\/h3>\n\n\n\n<div style=\"height:20px\" aria-hidden=\"true\" class=\"wp-block-spacer\"><\/div>\n\n\n\n<ul style=\"line-height:1.75\" class=\"is-style-checkmark-list wp-block-list\">\n<li>Gut \u00fcbersetzt ist schon halb verstanden! Unser kompetentes, zuverl\u00e4ssiges und flottes \u00dcbersetzerInnenteam, das breite Spektrum \u2013 vom H\u00f6rspiel bis zur technischen Gebrauchsanweisung &#8211; und der Einsatz modernster Programme beim unternehmensspezifischen Terminologiemanagement sind unsere St\u00e4rke.<\/li>\n\n\n\n<li>Dolmetschen auf Kongressen, Events oder direkt am Flie\u00dfband zur Neuer\u00f6ffnung der Produktionssta\u00e4tte beherrschen wir ebenso.<\/li>\n\n\n\n<li>Anfragen bitte an: translation[at]dbl-berlin.de <\/li>\n<\/ul>\n<\/div>\n\n\n\n<div class=\"wp-block-column is-layout-flow wp-block-column-is-layout-flow\" style=\"flex-basis:50%\">\n<figure class=\"wp-block-image size-large is-style-rounded is-style-rounded--4\"><img loading=\"lazy\" decoding=\"async\" width=\"1024\" height=\"683\" src=\"https:\/\/dbl-berlin.de\/wp-content\/uploads\/2023\/12\/pexels-luis-quintero-2774556-1024x683.jpg\" alt=\"\" class=\"wp-image-17\" srcset=\"https:\/\/dbl-berlin.de\/wp-content\/uploads\/2023\/12\/pexels-luis-quintero-2774556-1024x683.jpg 1024w, https:\/\/dbl-berlin.de\/wp-content\/uploads\/2023\/12\/pexels-luis-quintero-2774556-300x200.jpg 300w, https:\/\/dbl-berlin.de\/wp-content\/uploads\/2023\/12\/pexels-luis-quintero-2774556-768x512.jpg 768w, https:\/\/dbl-berlin.de\/wp-content\/uploads\/2023\/12\/pexels-luis-quintero-2774556-1536x1024.jpg 1536w, https:\/\/dbl-berlin.de\/wp-content\/uploads\/2023\/12\/pexels-luis-quintero-2774556-2048x1365.jpg 2048w\" sizes=\"auto, (max-width: 1024px) 100vw, 1024px\" \/><\/figure>\n<\/div>\n<\/div>\n\n\n\n<div style=\"height:35px\" aria-hidden=\"true\" class=\"wp-block-spacer\"><\/div>\n\n\n\n<div class=\"wp-block-columns alignwide is-layout-flex wp-container-core-columns-is-layout-d1c656ed wp-block-columns-is-layout-flex\">\n<div class=\"wp-block-column is-layout-flow wp-block-column-is-layout-flow\" style=\"flex-basis:50%\">\n<figure class=\"wp-block-image size-large is-style-rounded is-style-rounded--5\"><img loading=\"lazy\" decoding=\"async\" width=\"1024\" height=\"683\" src=\"https:\/\/dbl-berlin.de\/wp-content\/uploads\/2023\/12\/pexels-andrea-piacquadio-3760093-1024x683.jpg\" alt=\"\" class=\"wp-image-15\" srcset=\"https:\/\/dbl-berlin.de\/wp-content\/uploads\/2023\/12\/pexels-andrea-piacquadio-3760093-1024x683.jpg 1024w, https:\/\/dbl-berlin.de\/wp-content\/uploads\/2023\/12\/pexels-andrea-piacquadio-3760093-300x200.jpg 300w, https:\/\/dbl-berlin.de\/wp-content\/uploads\/2023\/12\/pexels-andrea-piacquadio-3760093-768x512.jpg 768w, https:\/\/dbl-berlin.de\/wp-content\/uploads\/2023\/12\/pexels-andrea-piacquadio-3760093-1536x1024.jpg 1536w, https:\/\/dbl-berlin.de\/wp-content\/uploads\/2023\/12\/pexels-andrea-piacquadio-3760093-2048x1365.jpg 2048w\" sizes=\"auto, (max-width: 1024px) 100vw, 1024px\" \/><\/figure>\n<\/div>\n\n\n\n<div class=\"wp-block-column is-vertically-aligned-center is-layout-flow wp-block-column-is-layout-flow\" style=\"flex-basis:50%\">\n<h3 class=\"wp-block-heading is-style-default\" id=\"Jobs\">Unsere Fachkr\u00e4fte &amp; Jobs<\/h3>\n\n\n\n<div style=\"height:20px\" aria-hidden=\"true\" class=\"wp-block-spacer\"><\/div>\n\n\n\n<ul style=\"line-height:1.75\" class=\"is-style-checkmark-list wp-block-list\">\n<li>Mit einem guten Trainer oder einer guten Trainerin steht und f\u00e4llt der Erfolg eines jeden Trainings: Bei uns steht Ihnen ein Team fachlich und p\u00e4dagogisch qualifizierter TrainerInnen zur Verf\u00fcgung, die selbstverst\u00e4ndlich in ihrer Muttersprache unterrichten. Sie verf\u00fcgen \u00fcber einen Hochschulabschluss und eine international anerkannte p\u00e4dagogische Qualifikation.<\/li>\n\n\n\n<li>Ausf\u00fchrliche Bewerbungen bitte an:<br>jobs[at]dbl-berlin.de<\/li>\n<\/ul>\n<\/div>\n<\/div>\n<\/div>\n<\/div>\n\n\n\n<div class=\"wp-block-group alignfull has-base-color has-contrast-background-color has-text-color has-background has-global-padding is-layout-constrained wp-container-core-group-is-layout-ef3d885c wp-block-group-is-layout-constrained\" style=\"margin-top:0;margin-bottom:0;padding-top:var(--wp--preset--spacing--60);padding-right:var(--wp--preset--spacing--60);padding-bottom:var(--wp--preset--spacing--60);padding-left:var(--wp--preset--spacing--60)\">\n<div class=\"wp-block-group has-global-padding is-layout-constrained wp-block-group-is-layout-constrained\">\n<p class=\"has-text-align-center has-base-color has-text-color has-heading-font-family has-x-large-font-size\" style=\"line-height:1.2\"> <em>\u201e<em>Wir alle haben das Privileg, t\u00e4glich mit Menschen kommunizieren zu k\u00f6nnen, sofern wir eine gemeinsame Kommunikationsform beherrschen<\/em>.\u201c<\/em> <\/p>\n\n\n\n<div style=\"height:var(--wp--preset--spacing--10)\" aria-hidden=\"true\" class=\"wp-block-spacer\"><\/div>\n\n\n\n<div class=\"wp-block-group is-vertical is-content-justification-center is-nowrap is-layout-flex wp-container-core-group-is-layout-2dc08cea wp-block-group-is-layout-flex\">\n<p class=\"has-text-align-center\" style=\"margin-top:var(--wp--preset--spacing--10);margin-bottom:0\">David Berry<\/p>\n\n\n\n<p class=\"has-text-align-center has-contrast-3-color has-text-color has-small-font-size\" style=\"font-style:normal;font-weight:300\">Gr\u00fcnder &amp; Inhaber<\/p>\n\n\n\n<figure class=\"wp-block-image aligncenter size-medium has-custom-border\"><img loading=\"lazy\" decoding=\"async\" width=\"300\" height=\"297\" src=\"https:\/\/dbl-berlin.de\/wp-content\/uploads\/2023\/12\/Dave-1-300x297.png\" alt=\"\" class=\"wp-image-8\" style=\"border-radius:100px\" srcset=\"https:\/\/dbl-berlin.de\/wp-content\/uploads\/2023\/12\/Dave-1-300x297.png 300w, https:\/\/dbl-berlin.de\/wp-content\/uploads\/2023\/12\/Dave-1-150x150.png 150w, https:\/\/dbl-berlin.de\/wp-content\/uploads\/2023\/12\/Dave-1-768x760.png 768w, https:\/\/dbl-berlin.de\/wp-content\/uploads\/2023\/12\/Dave-1.png 806w\" sizes=\"auto, (max-width: 300px) 100vw, 300px\" \/><\/figure>\n<\/div>\n<\/div>\n<\/div>\n\n\n\n<div class=\"wp-block-group alignfull has-base-2-background-color has-background has-global-padding is-layout-constrained wp-container-core-group-is-layout-669513ed wp-block-group-is-layout-constrained\" style=\"margin-top:0;margin-bottom:0;padding-top:var(--wp--preset--spacing--50);padding-right:var(--wp--preset--spacing--50);padding-bottom:var(--wp--preset--spacing--50);padding-left:var(--wp--preset--spacing--50)\">\n<div class=\"wp-block-group is-vertical is-content-justification-center is-layout-flex wp-container-core-group-is-layout-52b864f0 wp-block-group-is-layout-flex\">\n<h2 class=\"wp-block-heading has-text-align-center is-style-default\">Auszug unserer Referenzen<\/h2>\n\n\n\n<div style=\"height:0px\" aria-hidden=\"true\" class=\"wp-block-spacer wp-container-content-4f2ccadb\"><\/div>\n<\/div>\n\n\n\n<div style=\"margin-top:0;margin-bottom:0;height:20px\" aria-hidden=\"true\" class=\"wp-block-spacer\"><\/div>\n\n\n\n<div class=\"wp-block-columns alignwide is-layout-flex wp-container-core-columns-is-layout-d0bbbce0 wp-block-columns-is-layout-flex\">\n<div class=\"wp-block-column is-layout-flow wp-container-core-column-is-layout-e3d1c41b wp-block-column-is-layout-flow\">\n<p class=\"has-text-align-right\">Asphalt Tango Records<br>AVENT Abacus<br>AxelSpringerAG<br>AxelSpringer Akademie<br>BDA-Bundesvereinigung der Deutschen Arbeitgeberverb\u00e4nde<br>cava\u00edsimo-Cava Wein Vergn\u00fcgliches<br>David Chipperfield Architects<br>Demos<br>Deutsches Zentrum f\u00fcr Luft und Raumfahrt e.V.<br>Deutsche Umwelthilfe<br>Deutschlandradio Kultur<\/p>\n<\/div>\n\n\n\n<div class=\"wp-block-column is-layout-flow wp-container-core-column-is-layout-e3d1c41b wp-block-column-is-layout-flow\">\n<p class=\"has-text-align-left\">exhibeo Austellungsagentur<br>gasitech<br>Gegenbauer<br>Holzh\u00fcter Architektur<br>Jordan Imkerei<br>JugendKulturService<br>SchaefferAG<br>Silica<br>STERN \u2013 Behutsame Stadterneuerung<br>The Circus Berlin Mitte<br>Verlag Der Rosenthaler<br>ZALF Leibnitz-Zentrum f\u00fcr <\/p>\n<\/div>\n<\/div>\n\n\n\n<div style=\"height:var(--wp--preset--spacing--20)\" aria-hidden=\"true\" class=\"wp-block-spacer\"><\/div>\n<\/div>\n","protected":false},"excerpt":{"rendered":"<p>seit 1996 bieten wir erfolgreich Sprachtraining und Coachings f\u00fcr Unternehmen, Verb\u00e4nde und andere Institutionen in Berlin und Umgebung an. \u00dcbersetzungs- und Dolmetschungsdienste komplettieren das Angebot. Profitieren auch Sie von \u00fcber 25 Jahren Erfahrung! Unser Leistungsspektrum&#8211; alles, wenn es um Sprachen geht &#8211; Unser umfassendes Angebot an professionellen Dienstleistungen richtet sich an kleine und mittlere Unternehmen, [&hellip;]<\/p>\n","protected":false},"author":1,"featured_media":0,"parent":0,"menu_order":0,"comment_status":"closed","ping_status":"closed","template":"","meta":{"footnotes":""},"class_list":["post-30","page","type-page","status-publish","hentry"],"_links":{"self":[{"href":"https:\/\/dbl-berlin.de\/index.php?rest_route=\/wp\/v2\/pages\/30","targetHints":{"allow":["GET"]}}],"collection":[{"href":"https:\/\/dbl-berlin.de\/index.php?rest_route=\/wp\/v2\/pages"}],"about":[{"href":"https:\/\/dbl-berlin.de\/index.php?rest_route=\/wp\/v2\/types\/page"}],"author":[{"embeddable":true,"href":"https:\/\/dbl-berlin.de\/index.php?rest_route=\/wp\/v2\/users\/1"}],"replies":[{"embeddable":true,"href":"https:\/\/dbl-berlin.de\/index.php?rest_route=%2Fwp%2Fv2%2Fcomments&post=30"}],"version-history":[{"count":31,"href":"https:\/\/dbl-berlin.de\/index.php?rest_route=\/wp\/v2\/pages\/30\/revisions"}],"predecessor-version":[{"id":127,"href":"https:\/\/dbl-berlin.de\/index.php?rest_route=\/wp\/v2\/pages\/30\/revisions\/127"}],"wp:attachment":[{"href":"https:\/\/dbl-berlin.de\/index.php?rest_route=%2Fwp%2Fv2%2Fmedia&parent=30"}],"curies":[{"name":"wp","href":"https:\/\/api.w.org\/{rel}","templated":true}]}}